{"id":4913,"date":"2021-11-16T16:33:05","date_gmt":"2021-11-16T14:33:05","guid":{"rendered":"https:\/\/boxxunited.com\/ueber-boxx-united\/"},"modified":"2022-10-11T14:32:27","modified_gmt":"2022-10-11T12:32:27","slug":"ueber-boxx-united","status":"publish","type":"page","link":"https:\/\/boxxunited.com\/de\/ueber-boxx-united\/","title":{"rendered":"\u00dcber BoXX United"},"content":{"rendered":"\t\t<div data-elementor-type=\"wp-page\" data-elementor-id=\"4913\" class=\"elementor elementor-4913 elementor-2904\" data-elementor-post-type=\"page\">\n\t\t\t\t\t\t<section data-particle_enable=\"false\" data-particle-mobile-disabled=\"false\" class=\"has_ae_slider elementor-section elementor-top-section elementor-element elementor-element-2ce134f elementor-section-height-min-height banner elementor-section-boxed elementor-section-height-default elementor-section-items-middle ae-bg-gallery-type-default\" data-id=\"2ce134f\" data-element_type=\"section\" data-settings=\"{&quot;background_background&quot;:&quot;classic&quot;}\">\n\t\t\t\t\t\t\t<div class=\"elementor-background-overlay\"><\/div>\n\t\t\t\t\t\t\t<div class=\"elementor-container elementor-column-gap-default\">\n\t\t\t\t\t<div class=\"has_ae_slider elementor-column elementor-col-100 elementor-top-column elementor-element elementor-element-8e33d51 ae-bg-gallery-type-default\" data-id=\"8e33d51\" data-element_type=\"column\" data-settings=\"{&quot;background_background&quot;:&quot;classic&quot;}\">\n\t\t\t<div class=\"elementor-widget-wrap elementor-element-populated\">\n\t\t\t\t\t\t<div class=\"elementor-element elementor-element-24f7a37 elementor-widget elementor-widget-text-editor\" data-id=\"24f7a37\" data-element_type=\"widget\" data-widget_type=\"text-editor.default\">\n\t\t\t\t<div class=\"elementor-widget-container\">\n\t\t\t\t\t\t\t\t\t<h1>\u00dcber <span style=\"color: #23ff91;\">BoXX United<\/span><\/h1>\n\t\t\t\t\t\t\t\t<\/div>\n\t\t\t\t<\/div>\n\t\t\t\t\t<\/div>\n\t\t<\/div>\n\t\t\t\t\t<\/div>\n\t\t<\/section>\n\t\t\t\t<section data-particle_enable=\"false\" data-particle-mobile-disabled=\"false\" class=\"has_ae_slider elementor-section elementor-top-section elementor-element elementor-element-9721039 elementor-section-boxed elementor-section-height-default elementor-section-height-default ae-bg-gallery-type-default\" data-id=\"9721039\" data-element_type=\"section\" data-settings=\"{&quot;background_background&quot;:&quot;classic&quot;}\">\n\t\t\t\t\t\t\t<div class=\"elementor-background-overlay\"><\/div>\n\t\t\t\t\t\t\t<div class=\"elementor-container elementor-column-gap-default\">\n\t\t\t\t\t<div class=\"has_ae_slider elementor-column elementor-col-100 elementor-top-column elementor-element elementor-element-aefe850 line line2 ae-bg-gallery-type-default\" data-id=\"aefe850\" data-element_type=\"column\">\n\t\t\t<div class=\"elementor-widget-wrap elementor-element-populated\">\n\t\t\t\t\t\t<div class=\"elementor-element elementor-element-04578ae elementor-widget-divider--view-line elementor-widget elementor-widget-divider\" data-id=\"04578ae\" data-element_type=\"widget\" data-widget_type=\"divider.default\">\n\t\t\t\t<div class=\"elementor-widget-container\">\n\t\t\t\t\t\t\t<div class=\"elementor-divider\">\n\t\t\t<span class=\"elementor-divider-separator\">\n\t\t\t\t\t\t<\/span>\n\t\t<\/div>\n\t\t\t\t\t\t<\/div>\n\t\t\t\t<\/div>\n\t\t\t\t<div class=\"elementor-element elementor-element-739de0a elementor-widget-divider--view-line elementor-widget elementor-widget-divider\" data-id=\"739de0a\" data-element_type=\"widget\" data-widget_type=\"divider.default\">\n\t\t\t\t<div class=\"elementor-widget-container\">\n\t\t\t\t\t\t\t<div class=\"elementor-divider\">\n\t\t\t<span class=\"elementor-divider-separator\">\n\t\t\t\t\t\t<\/span>\n\t\t<\/div>\n\t\t\t\t\t\t<\/div>\n\t\t\t\t<\/div>\n\t\t\t\t<div class=\"elementor-element elementor-element-9bc75ff elementor-widget-divider--view-line elementor-widget elementor-widget-divider\" data-id=\"9bc75ff\" data-element_type=\"widget\" data-widget_type=\"divider.default\">\n\t\t\t\t<div class=\"elementor-widget-container\">\n\t\t\t\t\t\t\t<div class=\"elementor-divider\">\n\t\t\t<span class=\"elementor-divider-separator\">\n\t\t\t\t\t\t<\/span>\n\t\t<\/div>\n\t\t\t\t\t\t<\/div>\n\t\t\t\t<\/div>\n\t\t\t\t\t<\/div>\n\t\t<\/div>\n\t\t\t\t\t<\/div>\n\t\t<\/section>\n\t\t\t\t<section data-particle_enable=\"false\" data-particle-mobile-disabled=\"false\" class=\"has_ae_slider elementor-section elementor-top-section elementor-element elementor-element-19fa390 clip-path clip-path2 dark-bg align-top elementor-section-boxed elementor-section-height-default elementor-section-height-default ae-bg-gallery-type-default\" data-id=\"19fa390\" data-element_type=\"section\" data-settings=\"{&quot;background_background&quot;:&quot;gradient&quot;}\">\n\t\t\t\t\t\t\t<div class=\"elementor-background-overlay\"><\/div>\n\t\t\t\t\t\t\t<div class=\"elementor-container elementor-column-gap-default\">\n\t\t\t\t\t<div class=\"has_ae_slider elementor-column elementor-col-100 elementor-top-column elementor-element elementor-element-cf23cb7 ae-bg-gallery-type-default\" data-id=\"cf23cb7\" data-element_type=\"column\" data-settings=\"{&quot;background_background&quot;:&quot;classic&quot;}\">\n\t\t\t<div class=\"elementor-widget-wrap elementor-element-populated\">\n\t\t\t\t\t<div class=\"elementor-background-overlay\"><\/div>\n\t\t\t\t\t\t<section data-particle_enable=\"false\" data-particle-mobile-disabled=\"false\" class=\"has_ae_slider elementor-section elementor-inner-section elementor-element elementor-element-ea3c287 elementor-section-boxed elementor-section-height-default elementor-section-height-default ae-bg-gallery-type-default\" data-id=\"ea3c287\" data-element_type=\"section\" data-settings=\"{&quot;background_background&quot;:&quot;classic&quot;}\">\n\t\t\t\t\t\t\t<div class=\"elementor-background-overlay\"><\/div>\n\t\t\t\t\t\t\t<div class=\"elementor-container elementor-column-gap-wider\">\n\t\t\t\t\t<div class=\"has_ae_slider elementor-column elementor-col-100 elementor-inner-column elementor-element elementor-element-e96cb14 ae-bg-gallery-type-default\" data-id=\"e96cb14\" data-element_type=\"column\">\n\t\t\t<div class=\"elementor-widget-wrap elementor-element-populated\">\n\t\t\t\t\t\t<div class=\"elementor-element elementor-element-99dd628 elementor-widget elementor-widget-text-editor\" data-id=\"99dd628\" data-element_type=\"widget\" data-widget_type=\"text-editor.default\">\n\t\t\t\t<div class=\"elementor-widget-container\">\n\t\t\t\t\t\t\t\t\t<p>BoXX United macht es m\u00f6glich zu gewinnen. Gewinne f\u00fcr den Sportverein und den Athleten, f\u00fcr den Fan, f\u00fcr den Sponsor und f\u00fcr die sportbezogene Wohlt\u00e4tigkeitsorganisation. BoXX United verbindet all diese Parteien mit einem globalen Marktplatz und schafft eine Win-Win Situation.  <\/p>\n\t\t\t\t\t\t\t\t<\/div>\n\t\t\t\t<\/div>\n\t\t\t\t\t<\/div>\n\t\t<\/div>\n\t\t\t\t\t<\/div>\n\t\t<\/section>\n\t\t\t\t<section data-particle_enable=\"false\" data-particle-mobile-disabled=\"false\" class=\"has_ae_slider elementor-section elementor-inner-section elementor-element elementor-element-a651caa elementor-section-content-top elementor-section-boxed elementor-section-height-default elementor-section-height-default ae-bg-gallery-type-default\" data-id=\"a651caa\" data-element_type=\"section\" data-settings=\"{&quot;background_background&quot;:&quot;classic&quot;}\">\n\t\t\t\t\t\t\t<div class=\"elementor-background-overlay\"><\/div>\n\t\t\t\t\t\t\t<div class=\"elementor-container elementor-column-gap-wider\">\n\t\t\t\t\t<div class=\"has_ae_slider elementor-column elementor-col-100 elementor-inner-column elementor-element elementor-element-7ed1efd ae-bg-gallery-type-default\" data-id=\"7ed1efd\" data-element_type=\"column\">\n\t\t\t<div class=\"elementor-widget-wrap elementor-element-populated\">\n\t\t\t\t\t\t<div class=\"elementor-element elementor-element-a5f9cd6 elementor-widget elementor-widget-text-editor\" data-id=\"a5f9cd6\" data-element_type=\"widget\" data-widget_type=\"text-editor.default\">\n\t\t\t\t<div class=\"elementor-widget-container\">\n\t\t\t\t\t\t\t\t\t<h3><span style=\"color: #23ff91;\">Gewinn 1<br \/><\/span>Sportvereine und Athleten<\/h3>\n<p>Der BoXX United-Marktplatz bietet Sportvereinen und Athleten zus\u00e4tzliche M\u00f6glichkeiten, ihre sportlichen und finanziellen Ziele zu erreichen.<\/p>\n\t\t\t\t\t\t\t\t<\/div>\n\t\t\t\t<\/div>\n\t\t\t\t<div class=\"elementor-element elementor-element-3080df3 elementor-widget elementor-widget-text-editor\" data-id=\"3080df3\" data-element_type=\"widget\" data-widget_type=\"text-editor.default\">\n\t\t\t\t<div class=\"elementor-widget-container\">\n\t\t\t\t\t\t\t\t\t<h3><span style=\"color: #23ff91;\">Gewinn 2<br \/><\/span>Fans und Sponsoren<\/h3>\n<p>Fans und Sponsoren bekommen \u00fcber diesen Marktplatz die M\u00f6glichkeit, sich an der Sportwirtschaft zu beteiligen.<\/p>\n\t\t\t\t\t\t\t\t<\/div>\n\t\t\t\t<\/div>\n\t\t\t\t<div class=\"elementor-element elementor-element-91c1693 elementor-widget elementor-widget-text-editor\" data-id=\"91c1693\" data-element_type=\"widget\" data-widget_type=\"text-editor.default\">\n\t\t\t\t<div class=\"elementor-widget-container\">\n\t\t\t\t\t\t\t\t\t<h3><span style=\"color: #23ff91;\">Gewinn 3<br \/><\/span>Wohlt\u00e4tigkeitsorganisationen<\/h3>\n<p>Sportbezogene Wohlt\u00e4tigkeitsorganisationen werden unterst\u00fctzt.<\/p>\n\t\t\t\t\t\t\t\t<\/div>\n\t\t\t\t<\/div>\n\t\t\t\t<div class=\"elementor-element elementor-element-973f435 elementor-widget elementor-widget-text-editor\" data-id=\"973f435\" data-element_type=\"widget\" data-widget_type=\"text-editor.default\">\n\t\t\t\t<div class=\"elementor-widget-container\">\n\t\t\t\t\t\t\t\t\t<h3><span style=\"color: #23ff91;\">Gewinn 4<br \/><\/span>Unterst\u00fctzung<\/h3>\n<p>Das erfahrene Team aus unterschiedlichen Spezialisten bei BoXX United bietet Unterst\u00fctzung f\u00fcr Sportvereine und Sportler.<\/p>\n\t\t\t\t\t\t\t\t<\/div>\n\t\t\t\t<\/div>\n\t\t\t\t<div class=\"elementor-element elementor-element-7d4d420 elementor-widget elementor-widget-text-editor\" data-id=\"7d4d420\" data-element_type=\"widget\" data-widget_type=\"text-editor.default\">\n\t\t\t\t<div class=\"elementor-widget-container\">\n\t\t\t\t\t\t\t\t\t<h3><span style=\"color: #23ff91;\">Gewinn 5<br \/><\/span>Veranstaltungen<\/h3>\n<p>BoXX United organisiert verschiedene sportbezogene Veranstaltungen. Von Sportcamps, Turnieren und Wettk\u00e4mpfen bis hin zu Vorf\u00fchrungen und Sponsorenreisen. Mit diesen Veranstaltungen ist BoXX United das Bindeglied zwischen Sportvereinen und Athleten sowie Fans und Sponsoren.  <\/p>\n<p>Von einem Sportverein oder Athleten organisierte Veranstaltungen k\u00f6nnen ebenfalls als NFT \u00fcber den Marktplatz von BoXX United versteigert oder verkauft werden.<\/p>\n\t\t\t\t\t\t\t\t<\/div>\n\t\t\t\t<\/div>\n\t\t\t\t<div class=\"elementor-element elementor-element-fbf3c5e elementor-widget elementor-widget-text-editor\" data-id=\"fbf3c5e\" data-element_type=\"widget\" data-widget_type=\"text-editor.default\">\n\t\t\t\t<div class=\"elementor-widget-container\">\n\t\t\t\t\t\t\t\t\t<h3><span style=\"color: #23ff91;\">Gewinn 6<br \/><\/span>Kunst<\/h3>\n<p>Die digitale Plattform f\u00fcr NFTs eignet sich f\u00fcr die Versteigerung oder den Verkauf von sportbezogener Kunst &#8211; mit entsprechender Genehmigung eines Sportvereins oder Sportlers. Da NFTs in der Blockchain aufgezeichnet werden, profitieren alle Personen oder Organisationen, die mit dieser NFT verbunden sind, weiterhin von jedem Weiterverkauf des Kunstobjekts.<\/p>\n\t\t\t\t\t\t\t\t<\/div>\n\t\t\t\t<\/div>\n\t\t\t\t<div class=\"elementor-element elementor-element-a0cdcc7 elementor-widget elementor-widget-text-editor\" data-id=\"a0cdcc7\" data-element_type=\"widget\" data-widget_type=\"text-editor.default\">\n\t\t\t\t<div class=\"elementor-widget-container\">\n\t\t\t\t\t\t\t\t\t<h3><span style=\"color: #23ff91;\">Gewinn 7<br \/><\/span>Gemeinsam-Stark<\/h3>\n<p>Mit KiXX k\u00f6nnen Fans und Sponsoren einen wichtigen Beitrag zu den k\u00fcnftigen Ergebnissen ihres Lieblingsvereins oder Athleten leisten. Das ist die Idee hinter dem KiXX-Token. Damit schafft BoXX United das Gemeinsam-Stark-Gef\u00fchl!<\/p>\n\t\t\t\t\t\t\t\t<\/div>\n\t\t\t\t<\/div>\n\t\t\t\t<div class=\"elementor-element elementor-element-68fe99d elementor-widget elementor-widget-text-editor\" data-id=\"68fe99d\" data-element_type=\"widget\" data-widget_type=\"text-editor.default\">\n\t\t\t\t<div class=\"elementor-widget-container\">\n\t\t\t\t\t\t\t\t\t<h3><span style=\"color: #23ff91;\">Gewinn 8<br \/><\/span>Weltweit zahlen mit KiXX<\/h3>\n<p>Da Zahlungen mit Kryptow\u00e4hrungen wie KiXX nicht \u00fcber Banken laufen, sind die Transaktionskosten f\u00fcr nationale und internationale Zahlungen minimal. Dadurch k\u00f6nnen KiXX-Besitzer bei einer zunehmenden Zahl von Annahmestellen in der Welt von Sport, aber auch dar\u00fcber hinaus, einkaufen..<\/p>\n\t\t\t\t\t\t\t\t<\/div>\n\t\t\t\t<\/div>\n\t\t\t\t\t<\/div>\n\t\t<\/div>\n\t\t\t\t\t<\/div>\n\t\t<\/section>\n\t\t\t\t\t<\/div>\n\t\t<\/div>\n\t\t\t\t\t<\/div>\n\t\t<\/section>\n\t\t\t\t<section data-particle_enable=\"false\" data-particle-mobile-disabled=\"false\" class=\"has_ae_slider elementor-section elementor-top-section elementor-element elementor-element-ccec9c0 clip-path elementor-section-boxed elementor-section-height-default elementor-section-height-default ae-bg-gallery-type-default\" data-id=\"ccec9c0\" data-element_type=\"section\" data-settings=\"{&quot;background_background&quot;:&quot;gradient&quot;}\">\n\t\t\t\t\t\t\t<div class=\"elementor-background-overlay\"><\/div>\n\t\t\t\t\t\t\t<div class=\"elementor-container elementor-column-gap-default\">\n\t\t\t\t\t<div class=\"has_ae_slider elementor-column elementor-col-100 elementor-top-column elementor-element elementor-element-3ad3064 ae-bg-gallery-type-default\" data-id=\"3ad3064\" data-element_type=\"column\" data-settings=\"{&quot;background_background&quot;:&quot;classic&quot;}\">\n\t\t\t<div class=\"elementor-widget-wrap elementor-element-populated\">\n\t\t\t\t\t<div class=\"elementor-background-overlay\"><\/div>\n\t\t\t\t\t\t<section data-particle_enable=\"false\" data-particle-mobile-disabled=\"false\" class=\"has_ae_slider elementor-section elementor-inner-section elementor-element elementor-element-fdf1376 elementor-section-boxed elementor-section-height-default elementor-section-height-default ae-bg-gallery-type-default\" data-id=\"fdf1376\" data-element_type=\"section\">\n\t\t\t\t\t\t<div class=\"elementor-container elementor-column-gap-default\">\n\t\t\t\t\t<div class=\"has_ae_slider elementor-column elementor-col-100 elementor-inner-column elementor-element elementor-element-89770d3 ae-bg-gallery-type-default\" data-id=\"89770d3\" data-element_type=\"column\">\n\t\t\t<div class=\"elementor-widget-wrap elementor-element-populated\">\n\t\t\t\t\t\t<div class=\"elementor-element elementor-element-706c3c0 elementor-widget elementor-widget-text-editor\" data-id=\"706c3c0\" data-element_type=\"widget\" data-widget_type=\"text-editor.default\">\n\t\t\t\t<div class=\"elementor-widget-container\">\n\t\t\t\t\t\t\t\t\t<h2>Der Ursprung<\/h2>\n\t\t\t\t\t\t\t\t<\/div>\n\t\t\t\t<\/div>\n\t\t\t\t\t<\/div>\n\t\t<\/div>\n\t\t\t\t\t<\/div>\n\t\t<\/section>\n\t\t\t\t<section data-particle_enable=\"false\" data-particle-mobile-disabled=\"false\" class=\"has_ae_slider elementor-section elementor-inner-section elementor-element elementor-element-30c7d2b elementor-section-boxed elementor-section-height-default elementor-section-height-default ae-bg-gallery-type-default\" data-id=\"30c7d2b\" data-element_type=\"section\" data-settings=\"{&quot;background_background&quot;:&quot;classic&quot;}\">\n\t\t\t\t\t\t\t<div class=\"elementor-background-overlay\"><\/div>\n\t\t\t\t\t\t\t<div class=\"elementor-container elementor-column-gap-wider\">\n\t\t\t\t\t<div class=\"has_ae_slider elementor-column elementor-col-50 elementor-inner-column elementor-element elementor-element-e8b0272 ae-bg-gallery-type-default\" data-id=\"e8b0272\" data-element_type=\"column\" data-settings=\"{&quot;background_background&quot;:&quot;classic&quot;}\">\n\t\t\t<div class=\"elementor-widget-wrap elementor-element-populated\">\n\t\t\t\t\t\t<div class=\"elementor-element elementor-element-03790bb elementor-widget elementor-widget-text-editor\" data-id=\"03790bb\" data-element_type=\"widget\" data-widget_type=\"text-editor.default\">\n\t\t\t\t<div class=\"elementor-widget-container\">\n\t\t\t\t\t\t\t\t\t<p>BoXX United hat seinen Ursprung im ehemaligen Profifu\u00dfballer und Sportbegeisterten John Vievermans (1959). Er war von Natur aus ein echter Box-to-Box-Spieler und war das Bindeglied zwischen den verschiedenen Linien auf dem Spielfeld. Ein absoluter Teamplayer mit gro\u00dfer Ausdauer, der das gesamte Spielfeld abdeckt.<\/p>\n<p>Mit BoXX United schafft John die Verbindung in der gesamten internationalen Sportwelt zwischen Sportvereinen und Athleten, Fans, Unternehmen, Sponsoren und sportbezogenen Wohlt\u00e4tigkeitsorganisationen. Als ehemaliger Spitzensportler wei\u00df John besser als jeder andere, was ein Talent und ein (zuk\u00fcnftiger) Spitzensportler tun und lassen muss, um H\u00f6chstleistungen zu erbringen. Das erfordert harte Disziplin und Ausdauer, aber auch viel Geld und ein Netzwerk von zuverl\u00e4ssigen Leuten, die die internationale Welt des Topsports kennen.<\/p>\n\t\t\t\t\t\t\t\t<\/div>\n\t\t\t\t<\/div>\n\t\t\t\t\t<\/div>\n\t\t<\/div>\n\t\t\t\t<div class=\"has_ae_slider elementor-column elementor-col-50 elementor-inner-column elementor-element elementor-element-6939d9d ae-bg-gallery-type-default\" data-id=\"6939d9d\" data-element_type=\"column\" data-settings=\"{&quot;background_background&quot;:&quot;classic&quot;}\">\n\t\t\t<div class=\"elementor-widget-wrap elementor-element-populated\">\n\t\t\t\t\t\t<div class=\"elementor-element elementor-element-9c66d4e elementor-widget elementor-widget-text-editor\" data-id=\"9c66d4e\" data-element_type=\"widget\" data-widget_type=\"text-editor.default\">\n\t\t\t\t<div class=\"elementor-widget-container\">\n\t\t\t\t\t\t\t\t\t<p>Nach seiner &nbsp;Fu\u00dfballkarriere hat John ein umfangreiches Netzwerk aufgebaut. W\u00e4hrend dieser Zeit hat er sich auch mit Kryptow\u00e4hrungen und der Blockchain-Technologie auseinandergesetzt und sich viel Fachwissen angeeignet. W\u00e4hrend der Corona-Krise erkannte John, dass Sportvereine und Athleten gro\u00dfe Einnahmeverluste hinnehmen mussten. Die Athleten k\u00e4mpften darum, die finanziellen Mittel aufzubringen, um ihren Sport bestm\u00f6glich aus\u00fcben zu k\u00f6nnen. John sah das Potenzial von Kryptow\u00e4hrungen in Kombination mit der Sportwelt. Mit seinem Elan als ehemaliger Sportler gelang es ihm, ein Team um sich herum zu schaffen und eine Plattform zu errichten, von der Sportvereine, Athleten und Fans gemeinsam profitieren k\u00f6nnen.<\/p>\n\t\t\t\t\t\t\t\t<\/div>\n\t\t\t\t<\/div>\n\t\t\t\t\t<\/div>\n\t\t<\/div>\n\t\t\t\t\t<\/div>\n\t\t<\/section>\n\t\t\t\t\t<\/div>\n\t\t<\/div>\n\t\t\t\t\t<\/div>\n\t\t<\/section>\n\t\t\t\t<section data-particle_enable=\"false\" data-particle-mobile-disabled=\"false\" class=\"has_ae_slider elementor-section elementor-top-section elementor-element elementor-element-507cb7c clip-path elementor-section-height-min-height elementor-section-boxed elementor-section-height-default elementor-section-items-middle ae-bg-gallery-type-default\" data-id=\"507cb7c\" data-element_type=\"section\" data-settings=\"{&quot;background_background&quot;:&quot;classic&quot;}\">\n\t\t\t\t\t\t\t<div class=\"elementor-background-overlay\"><\/div>\n\t\t\t\t\t\t\t<div class=\"elementor-container elementor-column-gap-default\">\n\t\t\t\t\t<div class=\"has_ae_slider elementor-column elementor-col-100 elementor-top-column elementor-element elementor-element-6b81e6c ae-bg-gallery-type-default\" data-id=\"6b81e6c\" data-element_type=\"column\" data-settings=\"{&quot;background_background&quot;:&quot;classic&quot;}\">\n\t\t\t<div class=\"elementor-widget-wrap\">\n\t\t\t\t\t\t\t<\/div>\n\t\t<\/div>\n\t\t\t\t\t<\/div>\n\t\t<\/section>\n\t\t\t\t<\/div>\n\t\t","protected":false},"excerpt":{"rendered":"<p>\u00dcber BoXX United BoXX United macht es m\u00f6glich zu gewinnen. Gewinne f\u00fcr den Sportverein und den Athleten, f\u00fcr den Fan, f\u00fcr den Sponsor und f\u00fcr die sportbezogene Wohlt\u00e4tigkeitsorganisation. BoXX United verbindet all diese Parteien mit einem globalen Marktplatz und schafft eine Win-Win Situation. Gewinn 1Sportvereine und Athleten Der BoXX United-Marktplatz bietet Sportvereinen und Athleten zus\u00e4tzliche [&hellip;]<\/p>\n","protected":false},"author":2,"featured_media":0,"parent":0,"menu_order":0,"comment_status":"closed","ping_status":"closed","template":"elementor_header_footer","meta":{"_acf_changed":false,"inline_featured_image":false,"footnotes":""},"class_list":["post-4913","page","type-page","status-publish","hentry"],"acf":[],"_links":{"self":[{"href":"https:\/\/boxxunited.com\/de\/wp-json\/wp\/v2\/pages\/4913","targetHints":{"allow":["GET"]}}],"collection":[{"href":"https:\/\/boxxunited.com\/de\/wp-json\/wp\/v2\/pages"}],"about":[{"href":"https:\/\/boxxunited.com\/de\/wp-json\/wp\/v2\/types\/page"}],"author":[{"embeddable":true,"href":"https:\/\/boxxunited.com\/de\/wp-json\/wp\/v2\/users\/2"}],"replies":[{"embeddable":true,"href":"https:\/\/boxxunited.com\/de\/wp-json\/wp\/v2\/comments?post=4913"}],"version-history":[{"count":16,"href":"https:\/\/boxxunited.com\/de\/wp-json\/wp\/v2\/pages\/4913\/revisions"}],"predecessor-version":[{"id":10734,"href":"https:\/\/boxxunited.com\/de\/wp-json\/wp\/v2\/pages\/4913\/revisions\/10734"}],"wp:attachment":[{"href":"https:\/\/boxxunited.com\/de\/wp-json\/wp\/v2\/media?parent=4913"}],"curies":[{"name":"wp","href":"https:\/\/api.w.org\/{rel}","templated":true}]}}