{"id":4954,"date":"2021-11-16T18:01:12","date_gmt":"2021-11-16T16:01:12","guid":{"rendered":"https:\/\/boxxunited.com\/was-ist-ein-nft\/"},"modified":"2022-02-28T11:20:38","modified_gmt":"2022-02-28T09:20:38","slug":"nft","status":"publish","type":"page","link":"https:\/\/boxxunited.com\/de\/nft\/","title":{"rendered":"Was ist ein NFT?"},"content":{"rendered":"\t\t<div data-elementor-type=\"wp-page\" data-elementor-id=\"4954\" class=\"elementor elementor-4954 elementor-2892\" data-elementor-post-type=\"page\">\n\t\t\t\t\t\t<section data-particle_enable=\"false\" data-particle-mobile-disabled=\"false\" class=\"has_ae_slider elementor-section elementor-top-section elementor-element elementor-element-2ce134f elementor-section-height-min-height banner elementor-section-boxed elementor-section-height-default elementor-section-items-middle ae-bg-gallery-type-default\" data-id=\"2ce134f\" data-element_type=\"section\" data-settings=\"{&quot;background_background&quot;:&quot;classic&quot;}\">\n\t\t\t\t\t\t\t<div class=\"elementor-background-overlay\"><\/div>\n\t\t\t\t\t\t\t<div class=\"elementor-container elementor-column-gap-default\">\n\t\t\t\t\t<div class=\"has_ae_slider elementor-column elementor-col-100 elementor-top-column elementor-element elementor-element-8e33d51 ae-bg-gallery-type-default\" data-id=\"8e33d51\" data-element_type=\"column\" data-settings=\"{&quot;background_background&quot;:&quot;classic&quot;}\">\n\t\t\t<div class=\"elementor-widget-wrap elementor-element-populated\">\n\t\t\t\t\t\t<div class=\"elementor-element elementor-element-24f7a37 elementor-widget elementor-widget-text-editor\" data-id=\"24f7a37\" data-element_type=\"widget\" data-widget_type=\"text-editor.default\">\n\t\t\t\t<div class=\"elementor-widget-container\">\n\t\t\t\t\t\t\t\t\t<h1>Was ist ein <span style=\"color: #23ff91;\">NFT?<\/span><\/h1>\n\t\t\t\t\t\t\t\t<\/div>\n\t\t\t\t<\/div>\n\t\t\t\t\t<\/div>\n\t\t<\/div>\n\t\t\t\t\t<\/div>\n\t\t<\/section>\n\t\t\t\t<section data-particle_enable=\"false\" data-particle-mobile-disabled=\"false\" class=\"has_ae_slider elementor-section elementor-top-section elementor-element elementor-element-8742473 elementor-section-boxed elementor-section-height-default elementor-section-height-default ae-bg-gallery-type-default\" data-id=\"8742473\" data-element_type=\"section\" data-settings=\"{&quot;background_background&quot;:&quot;classic&quot;}\">\n\t\t\t\t\t\t\t<div class=\"elementor-background-overlay\"><\/div>\n\t\t\t\t\t\t\t<div class=\"elementor-container elementor-column-gap-default\">\n\t\t\t\t\t<div class=\"has_ae_slider elementor-column elementor-col-100 elementor-top-column elementor-element elementor-element-dbba690 line line2 ae-bg-gallery-type-default\" data-id=\"dbba690\" data-element_type=\"column\">\n\t\t\t<div class=\"elementor-widget-wrap elementor-element-populated\">\n\t\t\t\t\t\t<div class=\"elementor-element elementor-element-56482a1 elementor-widget-divider--view-line elementor-widget elementor-widget-divider\" data-id=\"56482a1\" data-element_type=\"widget\" data-widget_type=\"divider.default\">\n\t\t\t\t<div class=\"elementor-widget-container\">\n\t\t\t\t\t\t\t<div class=\"elementor-divider\">\n\t\t\t<span class=\"elementor-divider-separator\">\n\t\t\t\t\t\t<\/span>\n\t\t<\/div>\n\t\t\t\t\t\t<\/div>\n\t\t\t\t<\/div>\n\t\t\t\t<div class=\"elementor-element elementor-element-4c3d758 elementor-widget-divider--view-line elementor-widget elementor-widget-divider\" data-id=\"4c3d758\" data-element_type=\"widget\" data-widget_type=\"divider.default\">\n\t\t\t\t<div class=\"elementor-widget-container\">\n\t\t\t\t\t\t\t<div class=\"elementor-divider\">\n\t\t\t<span class=\"elementor-divider-separator\">\n\t\t\t\t\t\t<\/span>\n\t\t<\/div>\n\t\t\t\t\t\t<\/div>\n\t\t\t\t<\/div>\n\t\t\t\t<div class=\"elementor-element elementor-element-f83409c elementor-widget-divider--view-line elementor-widget elementor-widget-divider\" data-id=\"f83409c\" data-element_type=\"widget\" data-widget_type=\"divider.default\">\n\t\t\t\t<div class=\"elementor-widget-container\">\n\t\t\t\t\t\t\t<div class=\"elementor-divider\">\n\t\t\t<span class=\"elementor-divider-separator\">\n\t\t\t\t\t\t<\/span>\n\t\t<\/div>\n\t\t\t\t\t\t<\/div>\n\t\t\t\t<\/div>\n\t\t\t\t\t<\/div>\n\t\t<\/div>\n\t\t\t\t\t<\/div>\n\t\t<\/section>\n\t\t\t\t<section data-particle_enable=\"false\" data-particle-mobile-disabled=\"false\" class=\"has_ae_slider elementor-section elementor-top-section elementor-element elementor-element-a18957f clip-path dark-bg  clip-path2 overflow-hidden elementor-section-boxed elementor-section-height-default elementor-section-height-default ae-bg-gallery-type-default\" data-id=\"a18957f\" data-element_type=\"section\" data-settings=\"{&quot;background_background&quot;:&quot;gradient&quot;}\">\n\t\t\t\t\t\t\t<div class=\"elementor-background-overlay\"><\/div>\n\t\t\t\t\t\t\t<div class=\"elementor-container elementor-column-gap-default\">\n\t\t\t\t\t<div class=\"has_ae_slider elementor-column elementor-col-100 elementor-top-column elementor-element elementor-element-e0ca46e ae-bg-gallery-type-default\" data-id=\"e0ca46e\" data-element_type=\"column\" data-settings=\"{&quot;background_background&quot;:&quot;classic&quot;}\">\n\t\t\t<div class=\"elementor-widget-wrap elementor-element-populated\">\n\t\t\t\t\t<div class=\"elementor-background-overlay\"><\/div>\n\t\t\t\t\t\t<section data-particle_enable=\"false\" data-particle-mobile-disabled=\"false\" class=\"has_ae_slider elementor-section elementor-inner-section elementor-element elementor-element-64bec84 elementor-section-boxed elementor-section-height-default elementor-section-height-default ae-bg-gallery-type-default\" data-id=\"64bec84\" data-element_type=\"section\" data-settings=\"{&quot;background_background&quot;:&quot;classic&quot;}\">\n\t\t\t\t\t\t\t<div class=\"elementor-background-overlay\"><\/div>\n\t\t\t\t\t\t\t<div class=\"elementor-container elementor-column-gap-wider\">\n\t\t\t\t\t<div class=\"has_ae_slider elementor-column elementor-col-50 elementor-inner-column elementor-element elementor-element-f156bbb ae-bg-gallery-type-default\" data-id=\"f156bbb\" data-element_type=\"column\">\n\t\t\t<div class=\"elementor-widget-wrap elementor-element-populated\">\n\t\t\t\t\t\t<div class=\"elementor-element elementor-element-1328365 elementor-widget elementor-widget-text-editor\" data-id=\"1328365\" data-element_type=\"widget\" data-widget_type=\"text-editor.default\">\n\t\t\t\t<div class=\"elementor-widget-container\">\n\t\t\t\t\t\t\t\t\t<h2><strong>Leicht zug\u00e4nglich<\/strong><\/h2>\n<p>Die Sportvereine und Athleten, die sich BoXX United angeschlossen haben, k\u00f6nnen NFTs auf dem Marktplatz gegen eine bestimmte Anzahl von KiXX-Tokens versteigern oder verkaufen. Ein NFT (Non-Fungible Token) ist eine Zuordnung auf der Blockchain eines Accounts zu einem einzigartigen Objekt. Dies geschieht \u00fcber einen Smart Contract. Damit wird das Eigentum eines Objekts digital in der Blockchain aufgezeichnet.<\/p>\n<\/p>\n<h3><strong style=\"color: #22ff90;\">Win-Win<\/strong><\/h3>\n<p>So k\u00f6nnen beispielsweise Sammlerst\u00fccke eines Sportvereins oder eines Athleten \u00fcber NFTs verkauft werden. Aber auch digitale Kunstwerke oder der Zugang zu Veranstaltungen oder Ereignissen werden auf diese Weise versteigert oder verkauft. Bei einem Smart Contract wird die Verteilung f\u00fcr jeden Verkauf des NFT im Vorfeld festgelegt. BoXX United sorgt daf\u00fcr, dass ein Teil seines Gewinns an sportbezogene Wohlt\u00e4tigkeitsorganisationen geht. Auch dies ist eine Win-Win-Situation f\u00fcr alle beteiligten Parteien.<\/p>\n<p>Das Support-Team von BoXX United unterst\u00fctzt die angeschlossenen Sportvereine und Athleten bei der Gestaltung und dem Angebot von NFTs auf dem Marktplatz.<\/p>\n\t\t\t\t\t\t\t\t<\/div>\n\t\t\t\t<\/div>\n\t\t\t\t<div class=\"elementor-element elementor-element-1417626 elementor-hidden-desktop elementor-hidden-tablet elementor-hidden-mobile elementor-widget elementor-widget-button\" data-id=\"1417626\" data-element_type=\"widget\" data-widget_type=\"button.default\">\n\t\t\t\t<div class=\"elementor-widget-container\">\n\t\t\t\t\t\t\t\t\t<div class=\"elementor-button-wrapper\">\n\t\t\t\t\t<a class=\"elementor-button elementor-button-link elementor-size-sm\" href=\"https:\/\/kixx.boxxunited.com\/contact\" target=\"_blank\" rel=\"noopener noreferrer nofollow\">\n\t\t\t\t\t\t<span class=\"elementor-button-content-wrapper\">\n\t\t\t\t\t\t\t\t\t<span class=\"elementor-button-text\">Zum NFT-Marktplatz<\/span>\n\t\t\t\t\t<\/span>\n\t\t\t\t\t<\/a>\n\t\t\t\t<\/div>\n\t\t\t\t\t\t\t\t<\/div>\n\t\t\t\t<\/div>\n\t\t\t\t\t<\/div>\n\t\t<\/div>\n\t\t\t\t<div class=\"has_ae_slider elementor-column elementor-col-50 elementor-inner-column elementor-element elementor-element-1da86d05 ae-bg-gallery-type-default\" data-id=\"1da86d05\" data-element_type=\"column\" data-settings=\"{&quot;background_background&quot;:&quot;classic&quot;}\">\n\t\t\t<div class=\"elementor-widget-wrap elementor-element-populated\">\n\t\t\t\t\t\t<div class=\"elementor-element elementor-element-42215d25 elementor-absolute elementor-widget elementor-widget-image\" data-id=\"42215d25\" data-element_type=\"widget\" data-settings=\"{&quot;motion_fx_motion_fx_scrolling&quot;:&quot;yes&quot;,&quot;motion_fx_translateY_effect&quot;:&quot;yes&quot;,&quot;motion_fx_translateY_direction&quot;:&quot;negative&quot;,&quot;motion_fx_translateY_speed&quot;:{&quot;unit&quot;:&quot;px&quot;,&quot;size&quot;:2,&quot;sizes&quot;:[]},&quot;motion_fx_translateX_effect&quot;:&quot;yes&quot;,&quot;motion_fx_translateX_speed&quot;:{&quot;unit&quot;:&quot;px&quot;,&quot;size&quot;:1,&quot;sizes&quot;:[]},&quot;_position&quot;:&quot;absolute&quot;,&quot;motion_fx_translateY_affectedRange&quot;:{&quot;unit&quot;:&quot;%&quot;,&quot;size&quot;:&quot;&quot;,&quot;sizes&quot;:{&quot;start&quot;:0,&quot;end&quot;:100}},&quot;motion_fx_translateX_affectedRange&quot;:{&quot;unit&quot;:&quot;%&quot;,&quot;size&quot;:&quot;&quot;,&quot;sizes&quot;:{&quot;start&quot;:0,&quot;end&quot;:100}},&quot;motion_fx_devices&quot;:[&quot;desktop&quot;,&quot;tablet&quot;,&quot;mobile&quot;]}\" data-widget_type=\"image.default\">\n\t\t\t\t<div class=\"elementor-widget-container\">\n\t\t\t\t\t\t\t\t\t\t\t\t\t\t\t<img fetchpriority=\"high\" decoding=\"async\" width=\"800\" height=\"1015\" src=\"https:\/\/boxxunited.com\/wp-content\/uploads\/2021\/10\/NFT-Animatie1-807x1024.png\" class=\"attachment-large size-large wp-image-4863\" alt=\"NFT Animation 1\" srcset=\"https:\/\/boxxunited.com\/wp-content\/uploads\/2021\/10\/NFT-Animatie1-807x1024.png 807w, https:\/\/boxxunited.com\/wp-content\/uploads\/2021\/10\/NFT-Animatie1-237x300.png 237w, https:\/\/boxxunited.com\/wp-content\/uploads\/2021\/10\/NFT-Animatie1-768x974.png 768w, https:\/\/boxxunited.com\/wp-content\/uploads\/2021\/10\/NFT-Animatie1-1211x1536.png 1211w, https:\/\/boxxunited.com\/wp-content\/uploads\/2021\/10\/NFT-Animatie1-1615x2048.png 1615w, https:\/\/boxxunited.com\/wp-content\/uploads\/2021\/10\/NFT-Animatie1.png 1691w\" sizes=\"(max-width: 800px) 100vw, 800px\" \/>\t\t\t\t\t\t\t\t\t\t\t\t\t\t\t<\/div>\n\t\t\t\t<\/div>\n\t\t\t\t<div class=\"elementor-element elementor-element-5802ee07 elementor-absolute elementor-widget elementor-widget-image\" data-id=\"5802ee07\" data-element_type=\"widget\" data-settings=\"{&quot;motion_fx_motion_fx_scrolling&quot;:&quot;yes&quot;,&quot;motion_fx_translateY_effect&quot;:&quot;yes&quot;,&quot;motion_fx_translateY_direction&quot;:&quot;negative&quot;,&quot;motion_fx_translateY_speed&quot;:{&quot;unit&quot;:&quot;px&quot;,&quot;size&quot;:2,&quot;sizes&quot;:[]},&quot;motion_fx_translateX_effect&quot;:&quot;yes&quot;,&quot;motion_fx_translateX_speed&quot;:{&quot;unit&quot;:&quot;px&quot;,&quot;size&quot;:0.5,&quot;sizes&quot;:[]},&quot;_position&quot;:&quot;absolute&quot;,&quot;motion_fx_translateX_direction&quot;:&quot;negative&quot;,&quot;motion_fx_translateY_affectedRange&quot;:{&quot;unit&quot;:&quot;%&quot;,&quot;size&quot;:&quot;&quot;,&quot;sizes&quot;:{&quot;start&quot;:0,&quot;end&quot;:100}},&quot;motion_fx_translateX_affectedRange&quot;:{&quot;unit&quot;:&quot;%&quot;,&quot;size&quot;:&quot;&quot;,&quot;sizes&quot;:{&quot;start&quot;:0,&quot;end&quot;:100}},&quot;motion_fx_devices&quot;:[&quot;desktop&quot;,&quot;tablet&quot;,&quot;mobile&quot;]}\" data-widget_type=\"image.default\">\n\t\t\t\t<div class=\"elementor-widget-container\">\n\t\t\t\t\t\t\t\t\t\t\t\t\t\t\t<img decoding=\"async\" width=\"800\" height=\"1015\" src=\"https:\/\/boxxunited.com\/wp-content\/uploads\/2021\/10\/NFT-Animatie2-807x1024.png\" class=\"attachment-large size-large wp-image-4866\" alt=\"NFT Animation 2\" srcset=\"https:\/\/boxxunited.com\/wp-content\/uploads\/2021\/10\/NFT-Animatie2-807x1024.png 807w, https:\/\/boxxunited.com\/wp-content\/uploads\/2021\/10\/NFT-Animatie2-237x300.png 237w, https:\/\/boxxunited.com\/wp-content\/uploads\/2021\/10\/NFT-Animatie2-768x974.png 768w, https:\/\/boxxunited.com\/wp-content\/uploads\/2021\/10\/NFT-Animatie2-1211x1536.png 1211w, https:\/\/boxxunited.com\/wp-content\/uploads\/2021\/10\/NFT-Animatie2-1615x2048.png 1615w, https:\/\/boxxunited.com\/wp-content\/uploads\/2021\/10\/NFT-Animatie2.png 1691w\" sizes=\"(max-width: 800px) 100vw, 800px\" \/>\t\t\t\t\t\t\t\t\t\t\t\t\t\t\t<\/div>\n\t\t\t\t<\/div>\n\t\t\t\t<div class=\"elementor-element elementor-element-6cfde4e1 elementor-absolute elementor-widget elementor-widget-image\" data-id=\"6cfde4e1\" data-element_type=\"widget\" data-settings=\"{&quot;motion_fx_motion_fx_scrolling&quot;:&quot;yes&quot;,&quot;motion_fx_translateY_effect&quot;:&quot;yes&quot;,&quot;motion_fx_translateY_direction&quot;:&quot;negative&quot;,&quot;motion_fx_translateY_speed&quot;:{&quot;unit&quot;:&quot;px&quot;,&quot;size&quot;:1,&quot;sizes&quot;:[]},&quot;motion_fx_translateX_effect&quot;:&quot;yes&quot;,&quot;motion_fx_translateX_speed&quot;:{&quot;unit&quot;:&quot;px&quot;,&quot;size&quot;:0.5,&quot;sizes&quot;:[]},&quot;_position&quot;:&quot;absolute&quot;,&quot;motion_fx_translateX_direction&quot;:&quot;negative&quot;,&quot;motion_fx_translateY_affectedRange&quot;:{&quot;unit&quot;:&quot;%&quot;,&quot;size&quot;:&quot;&quot;,&quot;sizes&quot;:{&quot;start&quot;:0,&quot;end&quot;:100}},&quot;motion_fx_translateX_affectedRange&quot;:{&quot;unit&quot;:&quot;%&quot;,&quot;size&quot;:&quot;&quot;,&quot;sizes&quot;:{&quot;start&quot;:0,&quot;end&quot;:100}},&quot;motion_fx_devices&quot;:[&quot;desktop&quot;,&quot;tablet&quot;,&quot;mobile&quot;]}\" data-widget_type=\"image.default\">\n\t\t\t\t<div class=\"elementor-widget-container\">\n\t\t\t\t\t\t\t\t\t\t\t\t\t\t\t<img decoding=\"async\" width=\"800\" height=\"1015\" src=\"https:\/\/boxxunited.com\/wp-content\/uploads\/2021\/10\/NFT-Animatie3-807x1024.png\" class=\"attachment-large size-large wp-image-4869\" alt=\"NFT Animation 3\" srcset=\"https:\/\/boxxunited.com\/wp-content\/uploads\/2021\/10\/NFT-Animatie3-807x1024.png 807w, https:\/\/boxxunited.com\/wp-content\/uploads\/2021\/10\/NFT-Animatie3-237x300.png 237w, https:\/\/boxxunited.com\/wp-content\/uploads\/2021\/10\/NFT-Animatie3-768x974.png 768w, https:\/\/boxxunited.com\/wp-content\/uploads\/2021\/10\/NFT-Animatie3-1211x1536.png 1211w, https:\/\/boxxunited.com\/wp-content\/uploads\/2021\/10\/NFT-Animatie3-1615x2048.png 1615w, https:\/\/boxxunited.com\/wp-content\/uploads\/2021\/10\/NFT-Animatie3.png 1691w\" sizes=\"(max-width: 800px) 100vw, 800px\" \/>\t\t\t\t\t\t\t\t\t\t\t\t\t\t\t<\/div>\n\t\t\t\t<\/div>\n\t\t\t\t<div class=\"elementor-element elementor-element-464e51a7 elementor-absolute elementor-widget elementor-widget-image\" data-id=\"464e51a7\" data-element_type=\"widget\" data-settings=\"{&quot;motion_fx_motion_fx_scrolling&quot;:&quot;yes&quot;,&quot;motion_fx_translateY_effect&quot;:&quot;yes&quot;,&quot;motion_fx_translateY_direction&quot;:&quot;negative&quot;,&quot;motion_fx_translateY_speed&quot;:{&quot;unit&quot;:&quot;px&quot;,&quot;size&quot;:1,&quot;sizes&quot;:[]},&quot;motion_fx_translateX_effect&quot;:&quot;yes&quot;,&quot;motion_fx_translateX_speed&quot;:{&quot;unit&quot;:&quot;px&quot;,&quot;size&quot;:1,&quot;sizes&quot;:[]},&quot;_position&quot;:&quot;absolute&quot;,&quot;motion_fx_translateY_affectedRange&quot;:{&quot;unit&quot;:&quot;%&quot;,&quot;size&quot;:&quot;&quot;,&quot;sizes&quot;:{&quot;start&quot;:0,&quot;end&quot;:100}},&quot;motion_fx_translateX_affectedRange&quot;:{&quot;unit&quot;:&quot;%&quot;,&quot;size&quot;:&quot;&quot;,&quot;sizes&quot;:{&quot;start&quot;:0,&quot;end&quot;:100}},&quot;motion_fx_devices&quot;:[&quot;desktop&quot;,&quot;tablet&quot;,&quot;mobile&quot;]}\" data-widget_type=\"image.default\">\n\t\t\t\t<div class=\"elementor-widget-container\">\n\t\t\t\t\t\t\t\t\t\t\t\t\t\t\t<img loading=\"lazy\" decoding=\"async\" width=\"800\" height=\"1015\" src=\"https:\/\/boxxunited.com\/wp-content\/uploads\/2021\/10\/NFT-Animatie4-807x1024.png\" class=\"attachment-large size-large wp-image-4872\" alt=\"NFT Animation 4\" srcset=\"https:\/\/boxxunited.com\/wp-content\/uploads\/2021\/10\/NFT-Animatie4-807x1024.png 807w, https:\/\/boxxunited.com\/wp-content\/uploads\/2021\/10\/NFT-Animatie4-237x300.png 237w, https:\/\/boxxunited.com\/wp-content\/uploads\/2021\/10\/NFT-Animatie4-768x974.png 768w, https:\/\/boxxunited.com\/wp-content\/uploads\/2021\/10\/NFT-Animatie4-1211x1536.png 1211w, https:\/\/boxxunited.com\/wp-content\/uploads\/2021\/10\/NFT-Animatie4-1615x2048.png 1615w, https:\/\/boxxunited.com\/wp-content\/uploads\/2021\/10\/NFT-Animatie4.png 1691w\" sizes=\"(max-width: 800px) 100vw, 800px\" \/>\t\t\t\t\t\t\t\t\t\t\t\t\t\t\t<\/div>\n\t\t\t\t<\/div>\n\t\t\t\t<div class=\"elementor-element elementor-element-61fa5ea6 elementor-absolute elementor-widget elementor-widget-image\" data-id=\"61fa5ea6\" data-element_type=\"widget\" data-settings=\"{&quot;motion_fx_motion_fx_scrolling&quot;:&quot;yes&quot;,&quot;motion_fx_translateY_effect&quot;:&quot;yes&quot;,&quot;motion_fx_translateY_direction&quot;:&quot;negative&quot;,&quot;motion_fx_translateY_speed&quot;:{&quot;unit&quot;:&quot;px&quot;,&quot;size&quot;:1.5,&quot;sizes&quot;:[]},&quot;motion_fx_translateX_effect&quot;:&quot;yes&quot;,&quot;motion_fx_translateX_speed&quot;:{&quot;unit&quot;:&quot;px&quot;,&quot;size&quot;:1,&quot;sizes&quot;:[]},&quot;_position&quot;:&quot;absolute&quot;,&quot;motion_fx_translateY_affectedRange&quot;:{&quot;unit&quot;:&quot;%&quot;,&quot;size&quot;:&quot;&quot;,&quot;sizes&quot;:{&quot;start&quot;:0,&quot;end&quot;:100}},&quot;motion_fx_translateX_affectedRange&quot;:{&quot;unit&quot;:&quot;%&quot;,&quot;size&quot;:&quot;&quot;,&quot;sizes&quot;:{&quot;start&quot;:0,&quot;end&quot;:100}},&quot;motion_fx_devices&quot;:[&quot;desktop&quot;,&quot;tablet&quot;,&quot;mobile&quot;]}\" data-widget_type=\"image.default\">\n\t\t\t\t<div class=\"elementor-widget-container\">\n\t\t\t\t\t\t\t\t\t\t\t\t\t\t\t<img loading=\"lazy\" decoding=\"async\" width=\"800\" height=\"1015\" src=\"https:\/\/boxxunited.com\/wp-content\/uploads\/2021\/10\/NFT-Animatie5-807x1024.png\" class=\"attachment-large size-large wp-image-4875\" alt=\"NFT Animation 5\" srcset=\"https:\/\/boxxunited.com\/wp-content\/uploads\/2021\/10\/NFT-Animatie5-807x1024.png 807w, https:\/\/boxxunited.com\/wp-content\/uploads\/2021\/10\/NFT-Animatie5-237x300.png 237w, https:\/\/boxxunited.com\/wp-content\/uploads\/2021\/10\/NFT-Animatie5-768x974.png 768w, https:\/\/boxxunited.com\/wp-content\/uploads\/2021\/10\/NFT-Animatie5-1211x1536.png 1211w, https:\/\/boxxunited.com\/wp-content\/uploads\/2021\/10\/NFT-Animatie5-1615x2048.png 1615w, https:\/\/boxxunited.com\/wp-content\/uploads\/2021\/10\/NFT-Animatie5.png 1691w\" sizes=\"(max-width: 800px) 100vw, 800px\" \/>\t\t\t\t\t\t\t\t\t\t\t\t\t\t\t<\/div>\n\t\t\t\t<\/div>\n\t\t\t\t\t<\/div>\n\t\t<\/div>\n\t\t\t\t\t<\/div>\n\t\t<\/section>\n\t\t\t\t\t<\/div>\n\t\t<\/div>\n\t\t\t\t\t<\/div>\n\t\t<\/section>\n\t\t\t\t<\/div>\n\t\t","protected":false},"excerpt":{"rendered":"<p>Was ist ein NFT? Leicht zug\u00e4nglich Die Sportvereine und Athleten, die sich BoXX United angeschlossen haben, k\u00f6nnen NFTs auf dem Marktplatz gegen eine bestimmte Anzahl von KiXX-Tokens versteigern oder verkaufen. Ein NFT (Non-Fungible Token) ist eine Zuordnung auf der Blockchain eines Accounts zu einem einzigartigen Objekt. Dies geschieht \u00fcber einen Smart Contract. Damit wird das [&hellip;]<\/p>\n","protected":false},"author":2,"featured_media":0,"parent":0,"menu_order":0,"comment_status":"closed","ping_status":"closed","template":"elementor_header_footer","meta":{"_acf_changed":false,"inline_featured_image":false,"footnotes":""},"class_list":["post-4954","page","type-page","status-publish","hentry"],"acf":[],"_links":{"self":[{"href":"https:\/\/boxxunited.com\/de\/wp-json\/wp\/v2\/pages\/4954","targetHints":{"allow":["GET"]}}],"collection":[{"href":"https:\/\/boxxunited.com\/de\/wp-json\/wp\/v2\/pages"}],"about":[{"href":"https:\/\/boxxunited.com\/de\/wp-json\/wp\/v2\/types\/page"}],"author":[{"embeddable":true,"href":"https:\/\/boxxunited.com\/de\/wp-json\/wp\/v2\/users\/2"}],"replies":[{"embeddable":true,"href":"https:\/\/boxxunited.com\/de\/wp-json\/wp\/v2\/comments?post=4954"}],"version-history":[{"count":11,"href":"https:\/\/boxxunited.com\/de\/wp-json\/wp\/v2\/pages\/4954\/revisions"}],"predecessor-version":[{"id":6405,"href":"https:\/\/boxxunited.com\/de\/wp-json\/wp\/v2\/pages\/4954\/revisions\/6405"}],"wp:attachment":[{"href":"https:\/\/boxxunited.com\/de\/wp-json\/wp\/v2\/media?parent=4954"}],"curies":[{"name":"wp","href":"https:\/\/api.w.org\/{rel}","templated":true}]}}