{"id":5084,"date":"2021-11-25T12:00:02","date_gmt":"2021-11-25T10:00:02","guid":{"rendered":"https:\/\/boxxunited.com\/que-es-un-nft\/"},"modified":"2022-02-28T11:21:18","modified_gmt":"2022-02-28T09:21:18","slug":"nft","status":"publish","type":"page","link":"https:\/\/boxxunited.com\/es\/nft\/","title":{"rendered":"\u00bfQu\u00e9 es un NFT?"},"content":{"rendered":"\t\t<div data-elementor-type=\"wp-page\" data-elementor-id=\"5084\" class=\"elementor elementor-5084 elementor-2892\" data-elementor-post-type=\"page\">\n\t\t\t\t\t\t<section data-particle_enable=\"false\" data-particle-mobile-disabled=\"false\" class=\"has_ae_slider elementor-section elementor-top-section elementor-element elementor-element-2ce134f elementor-section-height-min-height banner elementor-section-boxed elementor-section-height-default elementor-section-items-middle ae-bg-gallery-type-default\" data-id=\"2ce134f\" data-element_type=\"section\" data-settings=\"{&quot;background_background&quot;:&quot;classic&quot;}\">\n\t\t\t\t\t\t\t<div class=\"elementor-background-overlay\"><\/div>\n\t\t\t\t\t\t\t<div class=\"elementor-container elementor-column-gap-default\">\n\t\t\t\t\t<div class=\"has_ae_slider elementor-column elementor-col-100 elementor-top-column elementor-element elementor-element-8e33d51 ae-bg-gallery-type-default\" data-id=\"8e33d51\" data-element_type=\"column\" data-settings=\"{&quot;background_background&quot;:&quot;classic&quot;}\">\n\t\t\t<div class=\"elementor-widget-wrap elementor-element-populated\">\n\t\t\t\t\t\t<div class=\"elementor-element elementor-element-24f7a37 elementor-widget elementor-widget-text-editor\" data-id=\"24f7a37\" data-element_type=\"widget\" data-widget_type=\"text-editor.default\">\n\t\t\t\t<div class=\"elementor-widget-container\">\n\t\t\t\t\t\t\t\t\t<h1>\u00bfQu\u00e9 es un <span style=\"color: #23ff91;\">NFT?<\/span><\/h1>\n\t\t\t\t\t\t\t\t<\/div>\n\t\t\t\t<\/div>\n\t\t\t\t\t<\/div>\n\t\t<\/div>\n\t\t\t\t\t<\/div>\n\t\t<\/section>\n\t\t\t\t<section data-particle_enable=\"false\" data-particle-mobile-disabled=\"false\" class=\"has_ae_slider elementor-section elementor-top-section elementor-element elementor-element-8742473 elementor-section-boxed elementor-section-height-default elementor-section-height-default ae-bg-gallery-type-default\" data-id=\"8742473\" data-element_type=\"section\" data-settings=\"{&quot;background_background&quot;:&quot;classic&quot;}\">\n\t\t\t\t\t\t\t<div class=\"elementor-background-overlay\"><\/div>\n\t\t\t\t\t\t\t<div class=\"elementor-container elementor-column-gap-default\">\n\t\t\t\t\t<div class=\"has_ae_slider elementor-column elementor-col-100 elementor-top-column elementor-element elementor-element-dbba690 line line2 ae-bg-gallery-type-default\" data-id=\"dbba690\" data-element_type=\"column\">\n\t\t\t<div class=\"elementor-widget-wrap elementor-element-populated\">\n\t\t\t\t\t\t<div class=\"elementor-element elementor-element-56482a1 elementor-widget-divider--view-line elementor-widget elementor-widget-divider\" data-id=\"56482a1\" data-element_type=\"widget\" data-widget_type=\"divider.default\">\n\t\t\t\t<div class=\"elementor-widget-container\">\n\t\t\t\t\t\t\t<div class=\"elementor-divider\">\n\t\t\t<span class=\"elementor-divider-separator\">\n\t\t\t\t\t\t<\/span>\n\t\t<\/div>\n\t\t\t\t\t\t<\/div>\n\t\t\t\t<\/div>\n\t\t\t\t<div class=\"elementor-element elementor-element-4c3d758 elementor-widget-divider--view-line elementor-widget elementor-widget-divider\" data-id=\"4c3d758\" data-element_type=\"widget\" data-widget_type=\"divider.default\">\n\t\t\t\t<div class=\"elementor-widget-container\">\n\t\t\t\t\t\t\t<div class=\"elementor-divider\">\n\t\t\t<span class=\"elementor-divider-separator\">\n\t\t\t\t\t\t<\/span>\n\t\t<\/div>\n\t\t\t\t\t\t<\/div>\n\t\t\t\t<\/div>\n\t\t\t\t<div class=\"elementor-element elementor-element-f83409c elementor-widget-divider--view-line elementor-widget elementor-widget-divider\" data-id=\"f83409c\" data-element_type=\"widget\" data-widget_type=\"divider.default\">\n\t\t\t\t<div class=\"elementor-widget-container\">\n\t\t\t\t\t\t\t<div class=\"elementor-divider\">\n\t\t\t<span class=\"elementor-divider-separator\">\n\t\t\t\t\t\t<\/span>\n\t\t<\/div>\n\t\t\t\t\t\t<\/div>\n\t\t\t\t<\/div>\n\t\t\t\t\t<\/div>\n\t\t<\/div>\n\t\t\t\t\t<\/div>\n\t\t<\/section>\n\t\t\t\t<section data-particle_enable=\"false\" data-particle-mobile-disabled=\"false\" class=\"has_ae_slider elementor-section elementor-top-section elementor-element elementor-element-a18957f clip-path dark-bg  clip-path2 overflow-hidden elementor-section-boxed elementor-section-height-default elementor-section-height-default ae-bg-gallery-type-default\" data-id=\"a18957f\" data-element_type=\"section\" data-settings=\"{&quot;background_background&quot;:&quot;gradient&quot;}\">\n\t\t\t\t\t\t\t<div class=\"elementor-background-overlay\"><\/div>\n\t\t\t\t\t\t\t<div class=\"elementor-container elementor-column-gap-default\">\n\t\t\t\t\t<div class=\"has_ae_slider elementor-column elementor-col-100 elementor-top-column elementor-element elementor-element-e0ca46e ae-bg-gallery-type-default\" data-id=\"e0ca46e\" data-element_type=\"column\" data-settings=\"{&quot;background_background&quot;:&quot;classic&quot;}\">\n\t\t\t<div class=\"elementor-widget-wrap elementor-element-populated\">\n\t\t\t\t\t<div class=\"elementor-background-overlay\"><\/div>\n\t\t\t\t\t\t<section data-particle_enable=\"false\" data-particle-mobile-disabled=\"false\" class=\"has_ae_slider elementor-section elementor-inner-section elementor-element elementor-element-64bec84 elementor-section-boxed elementor-section-height-default elementor-section-height-default ae-bg-gallery-type-default\" data-id=\"64bec84\" data-element_type=\"section\" data-settings=\"{&quot;background_background&quot;:&quot;classic&quot;}\">\n\t\t\t\t\t\t\t<div class=\"elementor-background-overlay\"><\/div>\n\t\t\t\t\t\t\t<div class=\"elementor-container elementor-column-gap-wider\">\n\t\t\t\t\t<div class=\"has_ae_slider elementor-column elementor-col-50 elementor-inner-column elementor-element elementor-element-f156bbb ae-bg-gallery-type-default\" data-id=\"f156bbb\" data-element_type=\"column\">\n\t\t\t<div class=\"elementor-widget-wrap elementor-element-populated\">\n\t\t\t\t\t\t<div class=\"elementor-element elementor-element-1328365 elementor-widget elementor-widget-text-editor\" data-id=\"1328365\" data-element_type=\"widget\" data-widget_type=\"text-editor.default\">\n\t\t\t\t<div class=\"elementor-widget-container\">\n\t\t\t\t\t\t\t\t\t<h2><strong>F\u00e1cil acceso<\/strong><\/h2>\n<p>Los clubes deportivos y los deportistas afiliados a BoXX United pueden subastar y vender NFTs en un mercado de f\u00e1cil acceso. Un NFT (token no fungible) es un enlace en la blockchain de una cuenta a un objeto \u00fanico. Esto se hace a trav\u00e9s de un contrato inteligente y registra digitalmente la propiedad de un objeto en la blockchain.<\/p>\n<\/p>\n<h3><strong style=\"color: #22ff90;\">Todos salen ganando<\/strong><\/h3>\n<p>Por ejemplo, a trav\u00e9s de los NFTs, se pueden vender objetos de colecci\u00f3n de un club deportivo o de un deportista. No solo los objetos de coleccionista, sino tambi\u00e9n las obras de arte digitales o el acceso a eventos y experiencias pueden subastarse o venderse de esta manera. En un contrato inteligente, la distribuci\u00f3n por venta de los NFTs se determina de antemano. BoXX United destina parte de su resultado de explotaci\u00f3n a organizaciones ben\u00e9ficas relacionadas con el deporte. De nuevo, otra situaci\u00f3n en la que todos los implicados salen ganando.<\/p>\n<p>El equipo de apoyo de BoXX United apoya a los clubes deportivos y deportistas afiliados en la creaci\u00f3n y oferta de los NFTs.<\/p>\n\t\t\t\t\t\t\t\t<\/div>\n\t\t\t\t<\/div>\n\t\t\t\t<div class=\"elementor-element elementor-element-1417626 elementor-hidden-desktop elementor-hidden-tablet elementor-hidden-mobile elementor-widget elementor-widget-button\" data-id=\"1417626\" data-element_type=\"widget\" data-widget_type=\"button.default\">\n\t\t\t\t<div class=\"elementor-widget-container\">\n\t\t\t\t\t\t\t\t\t<div class=\"elementor-button-wrapper\">\n\t\t\t\t\t<a class=\"elementor-button elementor-button-link elementor-size-sm\" href=\"https:\/\/kixx.boxxunited.com\/contact\" target=\"_blank\" rel=\"noopener noreferrer nofollow\">\n\t\t\t\t\t\t<span class=\"elementor-button-content-wrapper\">\n\t\t\t\t\t\t\t\t\t<span class=\"elementor-button-text\">Pr\u00f3ximamente, el mercado<\/span>\n\t\t\t\t\t<\/span>\n\t\t\t\t\t<\/a>\n\t\t\t\t<\/div>\n\t\t\t\t\t\t\t\t<\/div>\n\t\t\t\t<\/div>\n\t\t\t\t\t<\/div>\n\t\t<\/div>\n\t\t\t\t<div class=\"has_ae_slider elementor-column elementor-col-50 elementor-inner-column elementor-element elementor-element-1da86d05 ae-bg-gallery-type-default\" data-id=\"1da86d05\" data-element_type=\"column\" data-settings=\"{&quot;background_background&quot;:&quot;classic&quot;}\">\n\t\t\t<div class=\"elementor-widget-wrap elementor-element-populated\">\n\t\t\t\t\t\t<div class=\"elementor-element elementor-element-42215d25 elementor-absolute elementor-widget elementor-widget-image\" data-id=\"42215d25\" data-element_type=\"widget\" data-settings=\"{&quot;motion_fx_motion_fx_scrolling&quot;:&quot;yes&quot;,&quot;motion_fx_translateY_effect&quot;:&quot;yes&quot;,&quot;motion_fx_translateY_direction&quot;:&quot;negative&quot;,&quot;motion_fx_translateY_speed&quot;:{&quot;unit&quot;:&quot;px&quot;,&quot;size&quot;:2,&quot;sizes&quot;:[]},&quot;motion_fx_translateX_effect&quot;:&quot;yes&quot;,&quot;motion_fx_translateX_speed&quot;:{&quot;unit&quot;:&quot;px&quot;,&quot;size&quot;:1,&quot;sizes&quot;:[]},&quot;_position&quot;:&quot;absolute&quot;,&quot;motion_fx_translateY_affectedRange&quot;:{&quot;unit&quot;:&quot;%&quot;,&quot;size&quot;:&quot;&quot;,&quot;sizes&quot;:{&quot;start&quot;:0,&quot;end&quot;:100}},&quot;motion_fx_translateX_affectedRange&quot;:{&quot;unit&quot;:&quot;%&quot;,&quot;size&quot;:&quot;&quot;,&quot;sizes&quot;:{&quot;start&quot;:0,&quot;end&quot;:100}},&quot;motion_fx_devices&quot;:[&quot;desktop&quot;,&quot;tablet&quot;,&quot;mobile&quot;]}\" data-widget_type=\"image.default\">\n\t\t\t\t<div class=\"elementor-widget-container\">\n\t\t\t\t\t\t\t\t\t\t\t\t\t\t\t<img fetchpriority=\"high\" decoding=\"async\" width=\"800\" height=\"1015\" src=\"https:\/\/boxxunited.com\/wp-content\/uploads\/2021\/10\/NFT-Animatie1-807x1024.png\" class=\"attachment-large size-large wp-image-4864\" alt=\"NFT Animation 1\" srcset=\"https:\/\/boxxunited.com\/wp-content\/uploads\/2021\/10\/NFT-Animatie1-807x1024.png 807w, https:\/\/boxxunited.com\/wp-content\/uploads\/2021\/10\/NFT-Animatie1-237x300.png 237w, https:\/\/boxxunited.com\/wp-content\/uploads\/2021\/10\/NFT-Animatie1-768x974.png 768w, https:\/\/boxxunited.com\/wp-content\/uploads\/2021\/10\/NFT-Animatie1-1211x1536.png 1211w, https:\/\/boxxunited.com\/wp-content\/uploads\/2021\/10\/NFT-Animatie1-1615x2048.png 1615w, https:\/\/boxxunited.com\/wp-content\/uploads\/2021\/10\/NFT-Animatie1.png 1691w\" sizes=\"(max-width: 800px) 100vw, 800px\" \/>\t\t\t\t\t\t\t\t\t\t\t\t\t\t\t<\/div>\n\t\t\t\t<\/div>\n\t\t\t\t<div class=\"elementor-element elementor-element-5802ee07 elementor-absolute elementor-widget elementor-widget-image\" data-id=\"5802ee07\" data-element_type=\"widget\" data-settings=\"{&quot;motion_fx_motion_fx_scrolling&quot;:&quot;yes&quot;,&quot;motion_fx_translateY_effect&quot;:&quot;yes&quot;,&quot;motion_fx_translateY_direction&quot;:&quot;negative&quot;,&quot;motion_fx_translateY_speed&quot;:{&quot;unit&quot;:&quot;px&quot;,&quot;size&quot;:2,&quot;sizes&quot;:[]},&quot;motion_fx_translateX_effect&quot;:&quot;yes&quot;,&quot;motion_fx_translateX_speed&quot;:{&quot;unit&quot;:&quot;px&quot;,&quot;size&quot;:0.5,&quot;sizes&quot;:[]},&quot;_position&quot;:&quot;absolute&quot;,&quot;motion_fx_translateX_direction&quot;:&quot;negative&quot;,&quot;motion_fx_translateY_affectedRange&quot;:{&quot;unit&quot;:&quot;%&quot;,&quot;size&quot;:&quot;&quot;,&quot;sizes&quot;:{&quot;start&quot;:0,&quot;end&quot;:100}},&quot;motion_fx_translateX_affectedRange&quot;:{&quot;unit&quot;:&quot;%&quot;,&quot;size&quot;:&quot;&quot;,&quot;sizes&quot;:{&quot;start&quot;:0,&quot;end&quot;:100}},&quot;motion_fx_devices&quot;:[&quot;desktop&quot;,&quot;tablet&quot;,&quot;mobile&quot;]}\" data-widget_type=\"image.default\">\n\t\t\t\t<div class=\"elementor-widget-container\">\n\t\t\t\t\t\t\t\t\t\t\t\t\t\t\t<img decoding=\"async\" width=\"800\" height=\"1015\" src=\"https:\/\/boxxunited.com\/wp-content\/uploads\/2021\/10\/NFT-Animatie2-807x1024.png\" class=\"attachment-large size-large wp-image-4867\" alt=\"NFT Animation 2\" srcset=\"https:\/\/boxxunited.com\/wp-content\/uploads\/2021\/10\/NFT-Animatie2-807x1024.png 807w, https:\/\/boxxunited.com\/wp-content\/uploads\/2021\/10\/NFT-Animatie2-237x300.png 237w, https:\/\/boxxunited.com\/wp-content\/uploads\/2021\/10\/NFT-Animatie2-768x974.png 768w, https:\/\/boxxunited.com\/wp-content\/uploads\/2021\/10\/NFT-Animatie2-1211x1536.png 1211w, https:\/\/boxxunited.com\/wp-content\/uploads\/2021\/10\/NFT-Animatie2-1615x2048.png 1615w, https:\/\/boxxunited.com\/wp-content\/uploads\/2021\/10\/NFT-Animatie2.png 1691w\" sizes=\"(max-width: 800px) 100vw, 800px\" \/>\t\t\t\t\t\t\t\t\t\t\t\t\t\t\t<\/div>\n\t\t\t\t<\/div>\n\t\t\t\t<div class=\"elementor-element elementor-element-6cfde4e1 elementor-absolute elementor-widget elementor-widget-image\" data-id=\"6cfde4e1\" data-element_type=\"widget\" data-settings=\"{&quot;motion_fx_motion_fx_scrolling&quot;:&quot;yes&quot;,&quot;motion_fx_translateY_effect&quot;:&quot;yes&quot;,&quot;motion_fx_translateY_direction&quot;:&quot;negative&quot;,&quot;motion_fx_translateY_speed&quot;:{&quot;unit&quot;:&quot;px&quot;,&quot;size&quot;:1,&quot;sizes&quot;:[]},&quot;motion_fx_translateX_effect&quot;:&quot;yes&quot;,&quot;motion_fx_translateX_speed&quot;:{&quot;unit&quot;:&quot;px&quot;,&quot;size&quot;:0.5,&quot;sizes&quot;:[]},&quot;_position&quot;:&quot;absolute&quot;,&quot;motion_fx_translateX_direction&quot;:&quot;negative&quot;,&quot;motion_fx_translateY_affectedRange&quot;:{&quot;unit&quot;:&quot;%&quot;,&quot;size&quot;:&quot;&quot;,&quot;sizes&quot;:{&quot;start&quot;:0,&quot;end&quot;:100}},&quot;motion_fx_translateX_affectedRange&quot;:{&quot;unit&quot;:&quot;%&quot;,&quot;size&quot;:&quot;&quot;,&quot;sizes&quot;:{&quot;start&quot;:0,&quot;end&quot;:100}},&quot;motion_fx_devices&quot;:[&quot;desktop&quot;,&quot;tablet&quot;,&quot;mobile&quot;]}\" data-widget_type=\"image.default\">\n\t\t\t\t<div class=\"elementor-widget-container\">\n\t\t\t\t\t\t\t\t\t\t\t\t\t\t\t<img decoding=\"async\" width=\"800\" height=\"1015\" src=\"https:\/\/boxxunited.com\/wp-content\/uploads\/2021\/10\/NFT-Animatie3-807x1024.png\" class=\"attachment-large size-large wp-image-4870\" alt=\"NFT Animation 3\" srcset=\"https:\/\/boxxunited.com\/wp-content\/uploads\/2021\/10\/NFT-Animatie3-807x1024.png 807w, https:\/\/boxxunited.com\/wp-content\/uploads\/2021\/10\/NFT-Animatie3-237x300.png 237w, https:\/\/boxxunited.com\/wp-content\/uploads\/2021\/10\/NFT-Animatie3-768x974.png 768w, https:\/\/boxxunited.com\/wp-content\/uploads\/2021\/10\/NFT-Animatie3-1211x1536.png 1211w, https:\/\/boxxunited.com\/wp-content\/uploads\/2021\/10\/NFT-Animatie3-1615x2048.png 1615w, https:\/\/boxxunited.com\/wp-content\/uploads\/2021\/10\/NFT-Animatie3.png 1691w\" sizes=\"(max-width: 800px) 100vw, 800px\" \/>\t\t\t\t\t\t\t\t\t\t\t\t\t\t\t<\/div>\n\t\t\t\t<\/div>\n\t\t\t\t<div class=\"elementor-element elementor-element-464e51a7 elementor-absolute elementor-widget elementor-widget-image\" data-id=\"464e51a7\" data-element_type=\"widget\" data-settings=\"{&quot;motion_fx_motion_fx_scrolling&quot;:&quot;yes&quot;,&quot;motion_fx_translateY_effect&quot;:&quot;yes&quot;,&quot;motion_fx_translateY_direction&quot;:&quot;negative&quot;,&quot;motion_fx_translateY_speed&quot;:{&quot;unit&quot;:&quot;px&quot;,&quot;size&quot;:1,&quot;sizes&quot;:[]},&quot;motion_fx_translateX_effect&quot;:&quot;yes&quot;,&quot;motion_fx_translateX_speed&quot;:{&quot;unit&quot;:&quot;px&quot;,&quot;size&quot;:1,&quot;sizes&quot;:[]},&quot;_position&quot;:&quot;absolute&quot;,&quot;motion_fx_translateY_affectedRange&quot;:{&quot;unit&quot;:&quot;%&quot;,&quot;size&quot;:&quot;&quot;,&quot;sizes&quot;:{&quot;start&quot;:0,&quot;end&quot;:100}},&quot;motion_fx_translateX_affectedRange&quot;:{&quot;unit&quot;:&quot;%&quot;,&quot;size&quot;:&quot;&quot;,&quot;sizes&quot;:{&quot;start&quot;:0,&quot;end&quot;:100}},&quot;motion_fx_devices&quot;:[&quot;desktop&quot;,&quot;tablet&quot;,&quot;mobile&quot;]}\" data-widget_type=\"image.default\">\n\t\t\t\t<div class=\"elementor-widget-container\">\n\t\t\t\t\t\t\t\t\t\t\t\t\t\t\t<img loading=\"lazy\" decoding=\"async\" width=\"800\" height=\"1015\" src=\"https:\/\/boxxunited.com\/wp-content\/uploads\/2021\/10\/NFT-Animatie4-807x1024.png\" class=\"attachment-large size-large wp-image-4873\" alt=\"NFT Animation 4\" srcset=\"https:\/\/boxxunited.com\/wp-content\/uploads\/2021\/10\/NFT-Animatie4-807x1024.png 807w, https:\/\/boxxunited.com\/wp-content\/uploads\/2021\/10\/NFT-Animatie4-237x300.png 237w, https:\/\/boxxunited.com\/wp-content\/uploads\/2021\/10\/NFT-Animatie4-768x974.png 768w, https:\/\/boxxunited.com\/wp-content\/uploads\/2021\/10\/NFT-Animatie4-1211x1536.png 1211w, https:\/\/boxxunited.com\/wp-content\/uploads\/2021\/10\/NFT-Animatie4-1615x2048.png 1615w, https:\/\/boxxunited.com\/wp-content\/uploads\/2021\/10\/NFT-Animatie4.png 1691w\" sizes=\"(max-width: 800px) 100vw, 800px\" \/>\t\t\t\t\t\t\t\t\t\t\t\t\t\t\t<\/div>\n\t\t\t\t<\/div>\n\t\t\t\t<div class=\"elementor-element elementor-element-61fa5ea6 elementor-absolute elementor-widget elementor-widget-image\" data-id=\"61fa5ea6\" data-element_type=\"widget\" data-settings=\"{&quot;motion_fx_motion_fx_scrolling&quot;:&quot;yes&quot;,&quot;motion_fx_translateY_effect&quot;:&quot;yes&quot;,&quot;motion_fx_translateY_direction&quot;:&quot;negative&quot;,&quot;motion_fx_translateY_speed&quot;:{&quot;unit&quot;:&quot;px&quot;,&quot;size&quot;:1.5,&quot;sizes&quot;:[]},&quot;motion_fx_translateX_effect&quot;:&quot;yes&quot;,&quot;motion_fx_translateX_speed&quot;:{&quot;unit&quot;:&quot;px&quot;,&quot;size&quot;:1,&quot;sizes&quot;:[]},&quot;_position&quot;:&quot;absolute&quot;,&quot;motion_fx_translateY_affectedRange&quot;:{&quot;unit&quot;:&quot;%&quot;,&quot;size&quot;:&quot;&quot;,&quot;sizes&quot;:{&quot;start&quot;:0,&quot;end&quot;:100}},&quot;motion_fx_translateX_affectedRange&quot;:{&quot;unit&quot;:&quot;%&quot;,&quot;size&quot;:&quot;&quot;,&quot;sizes&quot;:{&quot;start&quot;:0,&quot;end&quot;:100}},&quot;motion_fx_devices&quot;:[&quot;desktop&quot;,&quot;tablet&quot;,&quot;mobile&quot;]}\" data-widget_type=\"image.default\">\n\t\t\t\t<div class=\"elementor-widget-container\">\n\t\t\t\t\t\t\t\t\t\t\t\t\t\t\t<img loading=\"lazy\" decoding=\"async\" width=\"800\" height=\"1015\" src=\"https:\/\/boxxunited.com\/wp-content\/uploads\/2021\/10\/NFT-Animatie5-807x1024.png\" class=\"attachment-large size-large wp-image-4876\" alt=\"NFT Animation 5\" srcset=\"https:\/\/boxxunited.com\/wp-content\/uploads\/2021\/10\/NFT-Animatie5-807x1024.png 807w, https:\/\/boxxunited.com\/wp-content\/uploads\/2021\/10\/NFT-Animatie5-237x300.png 237w, https:\/\/boxxunited.com\/wp-content\/uploads\/2021\/10\/NFT-Animatie5-768x974.png 768w, https:\/\/boxxunited.com\/wp-content\/uploads\/2021\/10\/NFT-Animatie5-1211x1536.png 1211w, https:\/\/boxxunited.com\/wp-content\/uploads\/2021\/10\/NFT-Animatie5-1615x2048.png 1615w, https:\/\/boxxunited.com\/wp-content\/uploads\/2021\/10\/NFT-Animatie5.png 1691w\" sizes=\"(max-width: 800px) 100vw, 800px\" \/>\t\t\t\t\t\t\t\t\t\t\t\t\t\t\t<\/div>\n\t\t\t\t<\/div>\n\t\t\t\t\t<\/div>\n\t\t<\/div>\n\t\t\t\t\t<\/div>\n\t\t<\/section>\n\t\t\t\t\t<\/div>\n\t\t<\/div>\n\t\t\t\t\t<\/div>\n\t\t<\/section>\n\t\t\t\t<\/div>\n\t\t","protected":false},"excerpt":{"rendered":"<p>\u00bfQu\u00e9 es un NFT? F\u00e1cil acceso Los clubes deportivos y los deportistas afiliados a BoXX United pueden subastar y vender NFTs en un mercado de f\u00e1cil acceso. Un NFT (token no fungible) es un enlace en la blockchain de una cuenta a un objeto \u00fanico. Esto se hace a trav\u00e9s de un contrato inteligente y [&hellip;]<\/p>\n","protected":false},"author":2,"featured_media":0,"parent":0,"menu_order":0,"comment_status":"closed","ping_status":"closed","template":"elementor_header_footer","meta":{"_acf_changed":false,"inline_featured_image":false,"footnotes":""},"class_list":["post-5084","page","type-page","status-publish","hentry"],"acf":[],"_links":{"self":[{"href":"https:\/\/boxxunited.com\/es\/wp-json\/wp\/v2\/pages\/5084","targetHints":{"allow":["GET"]}}],"collection":[{"href":"https:\/\/boxxunited.com\/es\/wp-json\/wp\/v2\/pages"}],"about":[{"href":"https:\/\/boxxunited.com\/es\/wp-json\/wp\/v2\/types\/page"}],"author":[{"embeddable":true,"href":"https:\/\/boxxunited.com\/es\/wp-json\/wp\/v2\/users\/2"}],"replies":[{"embeddable":true,"href":"https:\/\/boxxunited.com\/es\/wp-json\/wp\/v2\/comments?post=5084"}],"version-history":[{"count":13,"href":"https:\/\/boxxunited.com\/es\/wp-json\/wp\/v2\/pages\/5084\/revisions"}],"predecessor-version":[{"id":6408,"href":"https:\/\/boxxunited.com\/es\/wp-json\/wp\/v2\/pages\/5084\/revisions\/6408"}],"wp:attachment":[{"href":"https:\/\/boxxunited.com\/es\/wp-json\/wp\/v2\/media?parent=5084"}],"curies":[{"name":"wp","href":"https:\/\/api.w.org\/{rel}","templated":true}]}}